{"id":38,"date":"2021-08-16T18:19:27","date_gmt":"2021-08-16T18:19:27","guid":{"rendered":"https:\/\/www.tourevents.online\/?page_id=38"},"modified":"2021-09-29T05:49:02","modified_gmt":"2021-09-29T05:49:02","slug":"contacto","status":"publish","type":"page","link":"https:\/\/www.tourevents.online\/index.php\/contacto\/","title":{"rendered":"Contacto"},"content":{"rendered":"<p>[et_pb_section fb_built=\u00bb1&#8243; fullwidth=\u00bbon\u00bb admin_label=\u00bbPage Header\u00bb _builder_version=\u00bb4.9.11&#8243; background_enable_color=\u00bboff\u00bb background_image=\u00bbhttps:\/\/www.tourevents.online\/wp-content\/uploads\/2021\/08\/B9C8C654-51DE-45EB-B436-BABA5B6455F5.jpeg\u00bb animation_direction=\u00bbtop\u00bb background_last_edited=\u00bbon|desktop\u00bb parallax_phone=\u00bboff\u00bb global_colors_info=\u00bb{}\u00bb background__hover_enabled=\u00bbon|desktop\u00bb][et_pb_fullwidth_header title=\u00bb\u00bfTe llevamos a la feria?\u00bb text_orientation=\u00bbcenter\u00bb header_scroll_down=\u00bbon\u00bb title_tablet=\u00bb\u00bb title_phone=\u00bb\u00bfTe llevamos a la feria?\u00bb title_last_edited=\u00bbon|phone\u00bb admin_label=\u00bbHero Section\u00bb _builder_version=\u00bb4.9.11&#8243; title_font=\u00bbMontserrat|on|||\u00bb title_font_size=\u00bb60px\u00bb content_text_color=\u00bb#ffffff\u00bb content_font_size=\u00bb22px\u00bb subhead_font=\u00bb||||\u00bb background_color=\u00bbRGBA(0,0,0,0)\u00bb use_background_color_gradient=\u00bbon\u00bb background_color_gradient_start=\u00bb#ffffff\u00bb background_color_gradient_end=\u00bbrgba(0,0,0,0)\u00bb background_color_gradient_end_position=\u00bb52%\u00bb custom_button_one=\u00bbon\u00bb button_one_text_size=\u00bb16px\u00bb button_one_bg_color=\u00bb#6eba01&#8243; button_one_border_width=\u00bb2px\u00bb button_one_border_color=\u00bb#6eba01&#8243; button_one_letter_spacing=\u00bb2&#8243; button_one_font=\u00bbMontserrat|||on|\u00bb button_one_use_icon=\u00bboff\u00bb custom_button_two=\u00bbon\u00bb button_two_text_size=\u00bb16px\u00bb button_two_border_width=\u00bb2px\u00bb button_two_border_color=\u00bb#ffffff\u00bb button_two_letter_spacing=\u00bb2&#8243; button_two_font=\u00bbMontserrat|||on|\u00bb button_two_use_icon=\u00bboff\u00bb background_layout=\u00bblight\u00bb module_alignment=\u00bbleft\u00bb custom_padding=\u00bb0px||131px|||\u00bb animation_style=\u00bbfade\u00bb hover_enabled=\u00bb0&#8243; title_font_size_tablet=\u00bb\u00bb title_font_size_phone=\u00bb19px\u00bb title_font_size_last_edited=\u00bbon|phone\u00bb content_font_size_tablet=\u00bb20px\u00bb content_font_size_phone=\u00bb17px\u00bb content_font_size_last_edited=\u00bbon|phone\u00bb content_text_shadow_style=\u00bbpreset5&#8243; subhead_text_shadow_style=\u00bbpreset2&#8243; button_one_text_color_hover=\u00bb#6eba01&#8243; button_two_text_color_hover=\u00bb#6eba01&#8243; button_one_border_color_hover=\u00bb#ffffff\u00bb button_two_border_color_hover=\u00bb#ffffff\u00bb button_one_border_radius_hover=\u00bb0&#8243; button_two_border_radius_hover=\u00bb0&#8243; button_one_letter_spacing_hover=\u00bb2&#8243; button_two_letter_spacing_hover=\u00bb2&#8243; button_one_bg_color_hover=\u00bb#ffffff\u00bb button_two_bg_color_hover=\u00bb#ffffff\u00bb global_colors_info=\u00bb{}\u00bb button_one_text_size__hover_enabled=\u00bboff\u00bb button_two_text_size__hover_enabled=\u00bboff\u00bb button_one_text_color__hover_enabled=\u00bbon\u00bb button_one_text_color__hover=\u00bb#6eba01&#8243; button_two_text_color__hover_enabled=\u00bbon\u00bb button_two_text_color__hover=\u00bb#6eba01&#8243; button_one_border_width__hover_enabled=\u00bboff\u00bb button_two_border_width__hover_enabled=\u00bboff\u00bb button_one_border_color__hover_enabled=\u00bbon\u00bb button_one_border_color__hover=\u00bb#ffffff\u00bb button_two_border_color__hover_enabled=\u00bbon\u00bb button_two_border_color__hover=\u00bb#ffffff\u00bb button_one_border_radius__hover_enabled=\u00bbon\u00bb button_one_border_radius__hover=\u00bb0&#8243; button_two_border_radius__hover_enabled=\u00bbon\u00bb button_two_border_radius__hover=\u00bb0&#8243; button_one_letter_spacing__hover_enabled=\u00bbon\u00bb button_one_letter_spacing__hover=\u00bb2&#8243; button_two_letter_spacing__hover_enabled=\u00bbon\u00bb button_two_letter_spacing__hover=\u00bb2&#8243; button_one_bg_color__hover_enabled=\u00bbon\u00bb button_one_bg_color__hover=\u00bb#ffffff\u00bb button_two_bg_color__hover_enabled=\u00bbon\u00bb button_two_bg_color__hover=\u00bb#ffffff\u00bb sticky_enabled=\u00bb0&#8243;]<\/p>\n<p>&nbsp;<\/p>\n<p>Si tienes planes de asistir a un evento comercial en China y quieres ahorrarte el viaje o no puedes ir en persona, escr\u00edbenos y te daremos presupuesto personalizado por horas o d\u00edas<\/p>\n<p>[\/et_pb_fullwidth_header][\/et_pb_section][et_pb_section fb_built=\u00bb1&#8243; admin_label=\u00bbContact Info\u00bb _builder_version=\u00bb3.22&#8243; custom_padding=\u00bb30px||3px|||\u00bb locked=\u00bboff\u00bb global_colors_info=\u00bb{}\u00bb][et_pb_row _builder_version=\u00bb3.25&#8243; custom_width_px=\u00bb710px\u00bb global_colors_info=\u00bb{}\u00bb][et_pb_column type=\u00bb4_4&#8243; _builder_version=\u00bb3.25&#8243; background_position=\u00bbtop_left\u00bb custom_padding=\u00bb|||\u00bb global_colors_info=\u00bb{}\u00bb custom_padding__hover=\u00bb|||\u00bb][et_pb_divider color=\u00bb#4e5ed0&#8243; divider_weight=\u00bb3px\u00bb disabled_on=\u00bboff|off|off\u00bb _builder_version=\u00bb3.2&#8243; background_color_gradient_direction=\u00bb90deg\u00bb max_width=\u00bb100px\u00bb module_alignment=\u00bbcenter\u00bb height=\u00bb5px\u00bb custom_margin=\u00bb||20px|\u00bb custom_padding=\u00bb||20px|\u00bb animation_style=\u00bbslide\u00bb animation_direction=\u00bbbottom\u00bb saved_tabs=\u00bball\u00bb locked=\u00bboff\u00bb global_colors_info=\u00bb{}\u00bb][\/et_pb_divider][et_pb_text admin_label=\u00bbContact Section Title\u00bb _builder_version=\u00bb3.27.4&#8243; header_font=\u00bbMontserrat||||\u00bb header_text_color=\u00bb#1f1f1f\u00bb header_font_size=\u00bb36px\u00bb text_orientation=\u00bbcenter\u00bb max_width=\u00bb710px\u00bb module_alignment=\u00bbcenter\u00bb animation_style=\u00bbfold\u00bb animation_direction=\u00bbbottom\u00bb animation_intensity_fold=\u00bb20%\u00bb global_colors_info=\u00bb{}\u00bb]<\/p>\n<h1>Cont\u00e1ctanos<\/h1>\n<p>[\/et_pb_text][\/et_pb_column][\/et_pb_row][et_pb_row column_structure=\u00bb1_3,1_3,1_3&#8243; _builder_version=\u00bb3.25&#8243; background_size=\u00bbinitial\u00bb background_position=\u00bbtop_left\u00bb background_repeat=\u00bbrepeat\u00bb custom_padding=\u00bb10px|||||\u00bb locked=\u00bboff\u00bb global_colors_info=\u00bb{}\u00bb][et_pb_column type=\u00bb1_3&#8243; _builder_version=\u00bb3.25&#8243; background_position=\u00bbtop_left\u00bb custom_padding=\u00bb|||\u00bb global_colors_info=\u00bb{}\u00bb custom_padding__hover=\u00bb|||\u00bb][et_pb_blurb title=\u00bbD\u00f3nde estamos\u00bb use_icon=\u00bbon\u00bb font_icon=\u00bb%%249%%\u00bb icon_color=\u00bb#E02B20&#8243; use_icon_font_size=\u00bbon\u00bb icon_font_size=\u00bb60px\u00bb icon_font_size_last_edited=\u00bboff|desktop\u00bb admin_label=\u00bbAddress\u00bb _builder_version=\u00bb4.9.11&#8243; header_font=\u00bbMontserrat||||\u00bb header_text_color=\u00bb#1f1f1f\u00bb header_font_size=\u00bb22px\u00bb header_line_height=\u00bb1.8em\u00bb body_font_size=\u00bb16px\u00bb body_line_height=\u00bb1.9em\u00bb text_orientation=\u00bbcenter\u00bb custom_margin=\u00bb|||\u00bb custom_padding=\u00bb30px|1px|30px|30px||\u00bb animation_style=\u00bbfold\u00bb animation_direction=\u00bbbottom\u00bb animation_intensity_fold=\u00bb30%\u00bb border_width_all=\u00bb0px\u00bb border_color_all=\u00bb#e0e0e0&#8243; border_style_all=\u00bbsolid\u00bb use_border_color=\u00bbon\u00bb border_color=\u00bb#e0e0e0&#8243; locked=\u00bboff\u00bb global_colors_info=\u00bb{}\u00bb]<\/p>\n<p>Beijing, China<\/p>\n<p>[\/et_pb_blurb][\/et_pb_column][et_pb_column type=\u00bb1_3&#8243; _builder_version=\u00bb3.25&#8243; background_position=\u00bbtop_left\u00bb custom_padding=\u00bb|||\u00bb global_colors_info=\u00bb{}\u00bb custom_padding__hover=\u00bb|||\u00bb][et_pb_blurb title=\u00bbSkype\u00bb url=\u00bbskype:live:.cid.ca967df0be86cd5a?chat\u00bb use_icon=\u00bbon\u00bb font_icon=\u00bb%%306%%\u00bb icon_color=\u00bb#0C71C3&#8243; use_icon_font_size=\u00bbon\u00bb icon_font_size=\u00bb60px\u00bb icon_font_size_last_edited=\u00bboff|desktop\u00bb _builder_version=\u00bb4.9.11&#8243; header_font=\u00bbMontserrat||||\u00bb header_text_color=\u00bb#1f1f1f\u00bb header_font_size=\u00bb22px\u00bb header_line_height=\u00bb1.8em\u00bb body_font_size=\u00bb16px\u00bb body_line_height=\u00bb1.9em\u00bb text_orientation=\u00bbcenter\u00bb custom_margin=\u00bb|||\u00bb custom_padding=\u00bb30px|30px|30px|30px\u00bb animation_style=\u00bbfold\u00bb animation_direction=\u00bbbottom\u00bb animation_delay=\u00bb100ms\u00bb animation_intensity_fold=\u00bb30%\u00bb border_width_all=\u00bb0px\u00bb border_color_all=\u00bb#e0e0e0&#8243; border_style_all=\u00bbsolid\u00bb use_border_color=\u00bbon\u00bb border_color=\u00bb#e0e0e0&#8243; locked=\u00bboff\u00bb global_colors_info=\u00bb{}\u00bb]<\/p>\n<p>tourevents CH<\/p>\n<p>[\/et_pb_blurb][\/et_pb_column][et_pb_column type=\u00bb1_3&#8243; _builder_version=\u00bb3.25&#8243; background_position=\u00bbtop_left\u00bb custom_padding=\u00bb|||\u00bb global_colors_info=\u00bb{}\u00bb custom_padding__hover=\u00bb|||\u00bb][et_pb_blurb title=\u00bbEmail\u00bb url=\u00bbmailto:info@tourevents.online\u00bb use_icon=\u00bbon\u00bb font_icon=\u00bb%%238%%\u00bb icon_color=\u00bb#6eba01&#8243; use_icon_font_size=\u00bbon\u00bb icon_font_size=\u00bb60px\u00bb icon_font_size_last_edited=\u00bboff|desktop\u00bb admin_label=\u00bbEmail\u00bb _builder_version=\u00bb4.9.11&#8243; header_font=\u00bbMontserrat||||\u00bb header_text_color=\u00bb#1f1f1f\u00bb header_font_size=\u00bb22px\u00bb header_line_height=\u00bb1.8em\u00bb body_font_size=\u00bb16px\u00bb body_line_height=\u00bb1.9em\u00bb text_orientation=\u00bbcenter\u00bb custom_margin=\u00bb|||\u00bb custom_padding=\u00bb30px|30px|30px|30px\u00bb animation_style=\u00bbfold\u00bb animation_direction=\u00bbbottom\u00bb animation_delay=\u00bb200ms\u00bb animation_intensity_fold=\u00bb30%\u00bb border_width_all=\u00bb0px\u00bb border_color_all=\u00bb#e0e0e0&#8243; border_style_all=\u00bbsolid\u00bb use_border_color=\u00bbon\u00bb border_color=\u00bb#e0e0e0&#8243; locked=\u00bboff\u00bb global_colors_info=\u00bb{}\u00bb]<\/p>\n<p>info@tourevents.online<\/p>\n<p>[\/et_pb_blurb][\/et_pb_column][\/et_pb_row][\/et_pb_section][et_pb_section fb_built=\u00bb1&#8243; admin_label=\u00bbContact\u00bb _builder_version=\u00bb3.22&#8243; background_color=\u00bb#f4f4f4&#8243; custom_padding=\u00bb14px|||||\u00bb global_colors_info=\u00bb{}\u00bb][et_pb_row _builder_version=\u00bb3.25&#8243; custom_width_px=\u00bb710px\u00bb locked=\u00bboff\u00bb global_colors_info=\u00bb{}\u00bb][et_pb_column type=\u00bb4_4&#8243; _builder_version=\u00bb3.25&#8243; background_position=\u00bbtop_left\u00bb custom_padding=\u00bb|||\u00bb global_colors_info=\u00bb{}\u00bb custom_padding__hover=\u00bb|||\u00bb][et_pb_divider color=\u00bb#4e5ed0&#8243; divider_weight=\u00bb3px\u00bb disabled_on=\u00bboff|off|off\u00bb _builder_version=\u00bb3.2&#8243; background_color_gradient_direction=\u00bb90deg\u00bb max_width=\u00bb100px\u00bb module_alignment=\u00bbcenter\u00bb height=\u00bb5px\u00bb custom_margin=\u00bb||20px|\u00bb custom_padding=\u00bb||20px|\u00bb animation_style=\u00bbslide\u00bb animation_direction=\u00bbbottom\u00bb saved_tabs=\u00bball\u00bb locked=\u00bboff\u00bb global_colors_info=\u00bb{}\u00bb][\/et_pb_divider][et_pb_text admin_label=\u00bbContact Section Title\u00bb _builder_version=\u00bb3.27.4&#8243; header_font=\u00bbMontserrat||||\u00bb header_text_color=\u00bb#1f1f1f\u00bb header_font_size=\u00bb36px\u00bb text_orientation=\u00bbcenter\u00bb max_width=\u00bb710px\u00bb module_alignment=\u00bbcenter\u00bb animation_style=\u00bbfold\u00bb animation_direction=\u00bbbottom\u00bb animation_intensity_fold=\u00bb20%\u00bb global_colors_info=\u00bb{}\u00bb]<\/p>\n<h1>Escr\u00edbenos<\/h1>\n<p>[\/et_pb_text][et_pb_text admin_label=\u00bbContact Section Subtitle\u00bb _builder_version=\u00bb4.9.11&#8243; text_font_size=\u00bb16px\u00bb text_line_height=\u00bb1.9em\u00bb text_orientation=\u00bbcenter\u00bb max_width=\u00bb710px\u00bb module_alignment=\u00bbcenter\u00bb animation_style=\u00bbfold\u00bb animation_direction=\u00bbbottom\u00bb animation_intensity_fold=\u00bb20%\u00bb global_colors_info=\u00bb{}\u00bb]<\/p>\n<p>Si necesitas presupuesto, m\u00e1s informaci\u00f3n sobre nuestros servicios o tienes alguna duda, env\u00edanos un mensaje y te contestaremos en menos de 24h<\/p>\n<p>[\/et_pb_text][\/et_pb_column][\/et_pb_row][et_pb_row _builder_version=\u00bb3.25&#8243; max_width=\u00bb900px\u00bb use_custom_width=\u00bbon\u00bb custom_width_px=\u00bb900px\u00bb global_colors_info=\u00bb{}\u00bb][et_pb_column type=\u00bb4_4&#8243; _builder_version=\u00bb3.25&#8243; custom_padding=\u00bb|||\u00bb global_colors_info=\u00bb{}\u00bb custom_padding__hover=\u00bb|||\u00bb][et_pb_contact_form email=\u00bbinfo@tourevents.online\u00bb submit_button_text=\u00bbENVIAR\u00bb module_id=\u00bbet_pb_contact_form_1&#8243; _builder_version=\u00bb4.9.11&#8243; form_field_background_color=\u00bbrgba(255,255,255,0)\u00bb title_font=\u00bbMontserrat||||\u00bb title_font_size=\u00bb22px\u00bb custom_button=\u00bbon\u00bb button_text_size=\u00bb18px\u00bb button_text_color=\u00bb#FFFFFF\u00bb button_bg_color=\u00bb#263650&#8243; button_border_width=\u00bb0px\u00bb button_border_color=\u00bbRGBA(0,0,0,0)\u00bb button_border_radius=\u00bb12px\u00bb button_letter_spacing=\u00bb2px\u00bb button_font=\u00bbMontserrat|||on|\u00bb button_use_icon=\u00bboff\u00bb animation_style=\u00bbfold\u00bb animation_direction=\u00bbbottom\u00bb animation_intensity_fold=\u00bb20%\u00bb border_width_all=\u00bb1px\u00bb border_color_all=\u00bbrgba(0,0,0,0.12)\u00bb border_style_all=\u00bbsolid\u00bb use_border_color=\u00bbon\u00bb border_color=\u00bbrgba(0,0,0,0.12)\u00bb form_background_color=\u00bbrgba(255,255,255,0)\u00bb locked=\u00bboff\u00bb global_colors_info=\u00bb{}\u00bb button_bg_color__hover_enabled=\u00bbon|hover\u00bb button_bg_color__hover=\u00bbrgba(38,54,80,0.73)\u00bb button_bg_enable_color__hover=\u00bbon\u00bb button_text_color_hover=\u00bb#6eba01&#8243; button_bg_color_hover=\u00bbrgba(0,0,0,0)\u00bb button_border_color_hover=\u00bb#6eba01&#8243; button_border_radius_hover=\u00bb0px\u00bb button_letter_spacing_hover=\u00bb2px\u00bb][et_pb_contact_field field_id=\u00bbNombre\u00bb field_title=\u00bbNombre\u00bb _builder_version=\u00bb4.9.11&#8243; global_colors_info=\u00bb{}\u00bb button_text_size__hover_enabled=\u00bboff\u00bb button_one_text_size__hover_enabled=\u00bboff\u00bb button_two_text_size__hover_enabled=\u00bboff\u00bb button_text_color__hover_enabled=\u00bboff\u00bb button_one_text_color__hover_enabled=\u00bboff\u00bb button_two_text_color__hover_enabled=\u00bboff\u00bb button_border_width__hover_enabled=\u00bboff\u00bb button_one_border_width__hover_enabled=\u00bboff\u00bb button_two_border_width__hover_enabled=\u00bboff\u00bb button_border_color__hover_enabled=\u00bboff\u00bb button_one_border_color__hover_enabled=\u00bboff\u00bb button_two_border_color__hover_enabled=\u00bboff\u00bb button_border_radius__hover_enabled=\u00bboff\u00bb button_one_border_radius__hover_enabled=\u00bboff\u00bb button_two_border_radius__hover_enabled=\u00bboff\u00bb button_letter_spacing__hover_enabled=\u00bboff\u00bb button_one_letter_spacing__hover_enabled=\u00bboff\u00bb button_two_letter_spacing__hover_enabled=\u00bboff\u00bb button_bg_color__hover_enabled=\u00bboff\u00bb button_one_bg_color__hover_enabled=\u00bboff\u00bb button_two_bg_color__hover_enabled=\u00bboff\u00bb][\/et_pb_contact_field][et_pb_contact_field field_id=\u00bbEmail\u00bb field_title=\u00bbEmail\u00bb field_type=\u00bbemail\u00bb _builder_version=\u00bb4.9.11&#8243; global_colors_info=\u00bb{}\u00bb button_text_size__hover_enabled=\u00bboff\u00bb button_one_text_size__hover_enabled=\u00bboff\u00bb button_two_text_size__hover_enabled=\u00bboff\u00bb button_text_color__hover_enabled=\u00bboff\u00bb button_one_text_color__hover_enabled=\u00bboff\u00bb button_two_text_color__hover_enabled=\u00bboff\u00bb button_border_width__hover_enabled=\u00bboff\u00bb button_one_border_width__hover_enabled=\u00bboff\u00bb button_two_border_width__hover_enabled=\u00bboff\u00bb button_border_color__hover_enabled=\u00bboff\u00bb button_one_border_color__hover_enabled=\u00bboff\u00bb button_two_border_color__hover_enabled=\u00bboff\u00bb button_border_radius__hover_enabled=\u00bboff\u00bb button_one_border_radius__hover_enabled=\u00bboff\u00bb button_two_border_radius__hover_enabled=\u00bboff\u00bb button_letter_spacing__hover_enabled=\u00bboff\u00bb button_one_letter_spacing__hover_enabled=\u00bboff\u00bb button_two_letter_spacing__hover_enabled=\u00bboff\u00bb button_bg_color__hover_enabled=\u00bboff\u00bb button_one_bg_color__hover_enabled=\u00bboff\u00bb button_two_bg_color__hover_enabled=\u00bboff\u00bb][\/et_pb_contact_field][et_pb_contact_field field_id=\u00bbMensaje\u00bb field_title=\u00bbMensaje\u00bb field_type=\u00bbtext\u00bb fullwidth_field=\u00bbon\u00bb _builder_version=\u00bb4.9.11&#8243; global_colors_info=\u00bb{}\u00bb button_text_size__hover_enabled=\u00bboff\u00bb button_one_text_size__hover_enabled=\u00bboff\u00bb button_two_text_size__hover_enabled=\u00bboff\u00bb button_text_color__hover_enabled=\u00bboff\u00bb button_one_text_color__hover_enabled=\u00bboff\u00bb button_two_text_color__hover_enabled=\u00bboff\u00bb button_border_width__hover_enabled=\u00bboff\u00bb button_one_border_width__hover_enabled=\u00bboff\u00bb button_two_border_width__hover_enabled=\u00bboff\u00bb button_border_color__hover_enabled=\u00bboff\u00bb button_one_border_color__hover_enabled=\u00bboff\u00bb button_two_border_color__hover_enabled=\u00bboff\u00bb button_border_radius__hover_enabled=\u00bboff\u00bb button_one_border_radius__hover_enabled=\u00bboff\u00bb button_two_border_radius__hover_enabled=\u00bboff\u00bb button_letter_spacing__hover_enabled=\u00bboff\u00bb button_one_letter_spacing__hover_enabled=\u00bboff\u00bb button_two_letter_spacing__hover_enabled=\u00bboff\u00bb button_bg_color__hover_enabled=\u00bboff\u00bb button_one_bg_color__hover_enabled=\u00bboff\u00bb button_two_bg_color__hover_enabled=\u00bboff\u00bb][\/et_pb_contact_field][\/et_pb_contact_form][\/et_pb_column][\/et_pb_row][\/et_pb_section]<\/p>\n","protected":false},"excerpt":{"rendered":"<p>&nbsp; Si tienes planes de asistir a un evento comercial en China y quieres ahorrarte el viaje o no puedes ir en persona, escr\u00edbenos y te daremos presupuesto personalizado por horas o d\u00edasCont\u00e1ctanosBeijing, Chinatourevents CHinfo@tourevents.onlineEscr\u00edbenosSi necesitas presupuesto, m\u00e1s informaci\u00f3n sobre nuestros servicios o tienes alguna duda, env\u00edanos un mensaje y te contestaremos en menos de [&hellip;]<\/p>\n","protected":false},"author":1,"featured_media":0,"parent":0,"menu_order":0,"comment_status":"closed","ping_status":"closed","template":"","meta":{"_et_pb_use_builder":"on","_et_pb_old_content":"<!-- wp:divi\/placeholder \/-->","_et_gb_content_width":"","footnotes":""},"class_list":["post-38","page","type-page","status-publish","hentry"],"_links":{"self":[{"href":"https:\/\/www.tourevents.online\/index.php\/wp-json\/wp\/v2\/pages\/38","targetHints":{"allow":["GET"]}}],"collection":[{"href":"https:\/\/www.tourevents.online\/index.php\/wp-json\/wp\/v2\/pages"}],"about":[{"href":"https:\/\/www.tourevents.online\/index.php\/wp-json\/wp\/v2\/types\/page"}],"author":[{"embeddable":true,"href":"https:\/\/www.tourevents.online\/index.php\/wp-json\/wp\/v2\/users\/1"}],"replies":[{"embeddable":true,"href":"https:\/\/www.tourevents.online\/index.php\/wp-json\/wp\/v2\/comments?post=38"}],"version-history":[{"count":20,"href":"https:\/\/www.tourevents.online\/index.php\/wp-json\/wp\/v2\/pages\/38\/revisions"}],"predecessor-version":[{"id":478,"href":"https:\/\/www.tourevents.online\/index.php\/wp-json\/wp\/v2\/pages\/38\/revisions\/478"}],"wp:attachment":[{"href":"https:\/\/www.tourevents.online\/index.php\/wp-json\/wp\/v2\/media?parent=38"}],"curies":[{"name":"wp","href":"https:\/\/api.w.org\/{rel}","templated":true}]}}